{"id":12,"date":"2023-12-01T17:24:12","date_gmt":"2023-12-01T17:24:12","guid":{"rendered":"https:\/\/gimnassocialsantpau.com\/inscripcio\/?page_id=12"},"modified":"2023-12-14T18:01:48","modified_gmt":"2023-12-14T18:01:48","slug":"termes-condicions","status":"publish","type":"page","link":"https:\/\/gimnassocialsantpau.com\/inscripcio\/ca\/termes-condicions\/","title":{"rendered":"Termes i condicions"},"content":{"rendered":"\n<p>En qualsevol moment podr\u00e0s cancel\u00b7lar la inscripci\u00f3 al gimn\u00e0s social Sant Pau.<\/p>\n\n\n\n<h3 class=\"wp-block-heading\"><strong>Cancel\u00b7la la teva inscripci\u00f3<\/strong><\/h3>\n\n\n\n<p>Pots <a href=\"https:\/\/gimnassocialsantpau.com\/inscripcio\/ca\/el-meu-compte\/\" data-type=\"link\" data-id=\"https:\/\/gimnassocialsantpau.com\/inscripcio\/ca\/el-meu-compte\/\">accedir amb les teves credencials d&#8217;usuari<\/a>\/a o contactar amb nosaltres <a href=\"mailto:info@gimnassocialsantpau.com\">info@gimnassocialsantpau.com<\/a> indicant el teu nom d&#8217;usuari\/a i el correu electr\u00f2nic amb els que os v\u00e0reu inscriure.<\/p>\n\n\n\n<h3 class=\"wp-block-heading\"><strong>Normatives de la Sala de Fitness<\/strong><\/h3>\n\n\n\n<p>Portem tovallola per a una bona higiene de tothom.<\/p>\n\n\n\n<p>Portem roba i cal\u00e7at esportiu per a una millor comoditat i seguretat.<\/p>\n\n\n\n<p>Deixem el material utilitzat al seu lloc i les barres descarregades, tal i com ens agradaria trobar-ho a nosaltres.<\/p>\n\n\n\n<p>No es poden reservar les m\u00e0quines.<\/p>\n\n\n\n<p>No est\u00e0 perm\u00e8s entrar a la sala amb bosses d&#8217;esport.<\/p>\n\n\n\n<p>El personal del gimn\u00e0s no es far\u00e0 responsable de les pertinences que no estiguin guardades al armaris.<\/p>\n\n\n\n<p>La sala cardiovascular es podr\u00e0 utilitzar a partir dels 14 anys i la de musculaci\u00f3 a partir dels 16.<\/p>\n\n\n\n<p>Pot ser motiu de baixa l&#8217;\u00fas inadequat o maltractament de les instal\u00b7lacions o equipaments, l&#8217;incompliment de les normes, aix\u00ed com la falta de respecte cap a altres usuaris o personal del centre.<\/p>\n\n\n\n<p>Aforament m\u00e0xim: 17 persones a la sala de musculaci\u00f3, 8 persones a la sala cardiovascular.<\/p>\n\n\n\n<h3 class=\"wp-block-heading\"><strong>Normatives de la Sala Polivalent.<\/strong><\/h3>\n\n\n\n<p>Nom\u00e9s podrem entrar a la sala amb la pres\u00e8ncia d&#8217;un t\u00e8cnic, per a una millor seguretat.<\/p>\n\n\n\n<p>Portem tovallola per a una bona higiene de tothom.<\/p>\n\n\n\n<p>Portem roba i cal\u00e7at esportiu per a una millor comoditat i seguretat.<\/p>\n\n\n\n<p>Deixem el material utilitzat al seu lloc, tal i com ens agradaria trobar-lo a nosaltres.<\/p>\n\n\n\n<p>Per a un millor funcionament, no entrem a la sala un cop comen\u00e7ada a classe.<\/p>\n\n\n\n<p>No est\u00e0 perm\u00e8s entrar a la sala amb bosses d&#8217;esport.El personal del gimn\u00e0s no es far\u00e0 responsable de les pertinences que no estiguin guardades al armaris.Es podran fer les AADD incloses a la quota a partir dels 14 anys.<\/p>\n\n\n\n<p>Pot ser motiu de baixa l&#8217;\u00fas inadequat o maltractament de les instal\u00b7lacions o equipaments, l&#8217;incompliment de les normes, aix\u00ed com la falta de respecte cap a altres usuaris o personal del centre.<\/p>\n\n\n\n<h3 class=\"wp-block-heading\"><strong>Normatives dels Vestidors<\/strong><\/h3>\n\n\n\n<p>La distribuci\u00f3 dels vestidors \u00e9s facultat de la Direcci\u00f3 del centre.<\/p>\n\n\n\n<p>Tots els vestidors disposen d\u2019armaris que funcionen amb cadenat. Cada usuari ha de portar el seu cadenat, i \u00e9s recomanable que sigui de combinaci\u00f3 per evitar dur sempre la clau al damunt.<\/p>\n\n\n\n<p>Els desperfectes ocasionats per un mal \u00fas poden ser sancionats.<\/p>\n\n\n\n<p>Cal deixar l\u2019armari buit quan es marxa del centre per permetre\u2019n l\u2019\u00fas a la resta d\u2019usuaris. En cas contrari, el personal del centre es veur\u00e0 obligat a retirar-lo per procedir a la neteja nocturna de tots els armaris.<\/p>\n\n\n\n<p>Est\u00e0 prohibit l\u2019\u00fas del tel\u00e8fon m\u00f2bil o c\u00e0meres fotogr\u00e0fiques dins del vestidor.<\/p>\n\n\n\n<p>Guardeu a l\u2019armari totes les pertinences i tanqueu-lo sempre, tamb\u00e9 quan us estigueu dutxant. No hi dipositeu objectes de valor.<\/p>\n\n\n\n<p>El centre no es fa responsable dels objectes que restin a l\u2019armari un cop abandonat el centre ni dels robatoris que es puguin produir.<\/p>\n\n\n\n<p>No es permeten actuacions com afaitar-se, tenyir-se el cabell, depilar-se, tallar-se les ungles, fer-se peelings o fer \u00fas de la pedra tosca.<\/p>\n\n\n\n<p>Cal portar les sabatilles de bany en tot moment, tamb\u00e9 a la dutxa.<\/p>\n\n\n\n<p>Eixugueu-vos a les dutxes abans d\u2019entrar al vestidor.<\/p>\n\n\n\n<p>El centre fa les revisions peri\u00f2diques establertes per tal de mantenir les condicions higi\u00e8niques \u00f2ptimes.<\/p>\n\n\n\n<p>Deixeu els espais nets, com us agradaria trobar-los.<\/p>\n\n\n\n<div class=\"wp-block-buttons is-content-justification-center is-layout-flex wp-container-core-buttons-layout-1 wp-block-buttons-is-layout-flex\">\n<div class=\"wp-block-button\"><a class=\"wp-block-button__link wp-element-button\" href=\"https:\/\/gimnassocialsantpau.com\/inscripcio\/ca\/producte\/inscripcio-al-gimnas\/\">Inscriu-te al gimn\u00e0s<\/a><\/div>\n<\/div>\n","protected":false},"excerpt":{"rendered":"<p>En qualsevol moment podr\u00e0s cancel\u00b7lar la inscripci\u00f3 al gimn\u00e0s social Sant Pau. Cancel\u00b7la la teva inscripci\u00f3 Pots accedir amb les teves credencials d&#8217;usuari\/a o contactar amb nosaltres info@gimnassocialsantpau.com indicant el teu nom d&#8217;usuari\/a i el correu electr\u00f2nic amb els que os v\u00e0reu inscriure. Normatives de la Sala de Fitness Portem tovallola per a una bona [&hellip;]<\/p>\n","protected":false},"author":1,"featured_media":0,"parent":0,"menu_order":0,"comment_status":"closed","ping_status":"closed","template":"","meta":{"footnotes":""},"_links":{"self":[{"href":"https:\/\/gimnassocialsantpau.com\/inscripcio\/ca\/wp-json\/wp\/v2\/pages\/12"}],"collection":[{"href":"https:\/\/gimnassocialsantpau.com\/inscripcio\/ca\/wp-json\/wp\/v2\/pages"}],"about":[{"href":"https:\/\/gimnassocialsantpau.com\/inscripcio\/ca\/wp-json\/wp\/v2\/types\/page"}],"author":[{"embeddable":true,"href":"https:\/\/gimnassocialsantpau.com\/inscripcio\/ca\/wp-json\/wp\/v2\/users\/1"}],"replies":[{"embeddable":true,"href":"https:\/\/gimnassocialsantpau.com\/inscripcio\/ca\/wp-json\/wp\/v2\/comments?post=12"}],"version-history":[{"count":11,"href":"https:\/\/gimnassocialsantpau.com\/inscripcio\/ca\/wp-json\/wp\/v2\/pages\/12\/revisions"}],"predecessor-version":[{"id":247,"href":"https:\/\/gimnassocialsantpau.com\/inscripcio\/ca\/wp-json\/wp\/v2\/pages\/12\/revisions\/247"}],"wp:attachment":[{"href":"https:\/\/gimnassocialsantpau.com\/inscripcio\/ca\/wp-json\/wp\/v2\/media?parent=12"}],"curies":[{"name":"wp","href":"https:\/\/api.w.org\/{rel}","templated":true}]}}