{"id":3,"date":"2023-11-29T15:12:43","date_gmt":"2023-11-29T15:12:43","guid":{"rendered":"https:\/\/gimnassocialsantpau.com\/inscripcio\/?page_id=3"},"modified":"2023-12-14T15:56:13","modified_gmt":"2023-12-14T15:56:13","slug":"privacy-policy","status":"publish","type":"page","link":"https:\/\/gimnassocialsantpau.com\/inscripcio\/ca\/privacy-policy\/","title":{"rendered":"Pol\u00edtica de privacitat"},"content":{"rendered":"\n<p>En compliment del Reglament (UE) 2016\/679 del Parlament Europeu i del Consell, de 27 d&#8217;abril de 2016, relatiu a la protecci\u00f3 de les persones f\u00edsiques pel que fa al tractament de dades personals ia la lliure circulaci\u00f3 d&#8217;aquestes dades, ( en endavant RGPD) i de la Llei Organica 3\/2018 de 5 de desembre de Protecci\u00f3 de Dades Personals i Garantia de Drets Digitals, (d&#8217;ara endavant LOPDGDD), Gimn\u00e0s Social Sant Pau S.C.C.L., posa de manifest aquesta pol\u00edtica respecte del tractament i protecci\u00f3 de dades personals.<\/p>\n\n\n\n<h3 class=\"wp-block-heading\">RESPONSABLE DEL TRACTAMENT DE LES TEVES DADES<\/h3>\n\n\n\n<p>Gimn\u00e0s Social Sant Pau S.C.C.L., amb domicili a la Ronda de Sant Pau, 46\u00a008001 Barcelona, Espa\u00f1a.. \u00a0CIF:F66815812 Tel\u00e8fon: <a href=\"tel:+34933297913\">933 297 913<\/a> Email: <a href=\"mailto:info@gimnassocialsantpau.com\">info@gimnassocialsantpau.com<\/a><\/p>\n\n\n\n<h3 class=\"wp-block-heading\">CONTACTE PER A LA PROTECCI\u00d3 DE DADES<\/h3>\n\n\n\n<p>Per a qualsevol tema relacionat amb la protecci\u00f3 de dades podeu contactar amb nosaltres a l&#8217;adre\u00e7a postal de Gimn\u00e0s Social Sant Pau oa l&#8217;adre\u00e7a electr\u00f2nica <a href=\"mailto:info@gimnassocialsantpau.com\">info@gimnassocialsantpau.com<\/a><\/p>\n\n\n\n<h3 class=\"wp-block-heading\">\u00c1MBIT D&#8217;APLICACI\u00d3<\/h3>\n\n\n\n<p>Les persones que visitin la p\u00e0gina web <a href=\"http:\/\/www.gimnassocialsantpau.com\">www.gimnassocialsantpau.com<\/a>.<\/p>\n\n\n\n<p>Els qui volunt\u00e0riament es comuniquin amb Gimn\u00e0s Social Sant Pau a trav\u00e9s de correu electr\u00f2nic, xat o que emplenen qualsevol dels formularis de recollida de dades publicats a la p\u00e0gina web <a href=\"http:\/\/www.gimnassocialsantpau.com\">www.gimnassocialsantpau.com<\/a>.<\/p>\n\n\n\n<ul>\n<li>Qui sol\u00b7liciti informaci\u00f3 sobre els productes i serveis de Gimn\u00e0s Social Sant Pau o que sol\u00b7licitin participar en alguna de les accions comercials de Gimn\u00e0s Social Sant Pau.&nbsp;<br>&nbsp;<\/li>\n\n\n\n<li>Els qui formalitzin una relaci\u00f3 contractual amb Gimn\u00e0s Social Sant Pau mitjan\u00e7ant la contractaci\u00f3 dels seus productes i serveis o mitjan\u00e7ant contractes de treball.&nbsp;<br>&nbsp;<\/li>\n\n\n\n<li>Els qui utilitzin qualsevol altre servei present al lloc web que impliqui la comunicaci\u00f3 de dades a Gimn\u00e0s Social Sant Pau o l&#8217;acc\u00e9s a dades per Gimn\u00e0s Social Sant Pau per a la prestaci\u00f3 dels seus serveis.&nbsp;<br>&nbsp;<\/li>\n\n\n\n<li>Els qui, directament o indirectament, hagin donat el seu consentiment expr\u00e9s perqu\u00e8 les seves dades siguin tractades per part de Gimn\u00e0s Social Sant Pau per a qualsevol de les finalitats recollides en aquesta Pol\u00edtica.<\/li>\n<\/ul>\n\n\n\n<p>La utilitzaci\u00f3 dels serveis de Gimn\u00e0s Social Sant Pau requereix l\u00b4acceptaci\u00f3 expressa d\u00b4aquesta Pol\u00edtica.<\/p>\n\n\n\n<p>Cap usuari i\/o client no pot utilitzar la identitat d&#8217;una altra persona i comunicar les seves dades personals, per la qual cosa les dades que faciliti a Gimn\u00e0s Social Sant Pau han de ser dades personals, corresponents a la seva pr\u00f2pia identitat, adequades, pertinents, actuals, exactes i veritables.<\/p>\n\n\n\n<p>En aquest sentit, l&#8217;usuari i\/o client ser\u00e0 l&#8217;\u00fanic responsable davant de qualsevol dany directe o indirecte que causi a tercers oa Gimn\u00e0s Social Sant Pau per l&#8217;\u00fas de dades d&#8217;una altra persona o de les seves dades quan siguin falses o err\u00f2nies.<\/p>\n\n\n\n<p>Qualsevol dada facilitada sobre un menor requerir\u00e0 del consentiment o autoritzaci\u00f3 pr\u00e8via dels seus pares, tutors o representants legals, que seran considerats responsables de les dades facilitades pels menors al seu c\u00e0rrec.<\/p>\n\n\n\n<p>Aquesta Pol\u00edtica ser\u00e0 d&#8217;aplicaci\u00f3 subsidi\u00e0ria respecte d&#8217;aquelles altres condicions que s&#8217;estableixin amb car\u00e0cter especial sobre protecci\u00f3 de dades personals i siguin comunicades a trav\u00e9s dels formularis de registre, contractes i\/o condicions dels serveis particulars, essent per tant aquesta Pol\u00edtica complement\u00e0ria de les esmentades en all\u00f2 no previst expressament en les mateixes.<\/p>\n\n\n\n<h3 class=\"wp-block-heading\">QUINES DADES PERSONALS TEVES TRACTEM<\/h3>\n\n\n\n<p>Les dades que tractarem s\u00f3n les seg\u00fcents:<\/p>\n\n\n\n<p>Nom, cognoms, sexe, idioma de prefer\u00e8ncia, correu electr\u00f2nic, tel\u00e8fon i adre\u00e7a postal. Quan correspon, tamb\u00e9 sol\u00b7licitem la talla de roba i la data de naixement.<\/p>\n\n\n\n<p>Tamb\u00e9 t&#8217;informem que tractarem aquelles dades addicionals que volunt\u00e0riament ens facilitis durant les futures relacions i interaccions que mantinguis amb Gimn\u00e0s Social Sant Pau, incloses les que ens aportis mitjan\u00e7ant una xarxa social o qualsevol altra aplicaci\u00f3. Aquestes dades depenen de la teva pr\u00f2pia configuraci\u00f3 de privadesa, \u00fas de la xarxa social o aplicaci\u00f3, aix\u00ed com de les pol\u00edtiques de privadesa pr\u00f2pies de cada xarxa social o aplicaci\u00f3, per la qual cosa et recomanem que les llegeixis amb atenci\u00f3 abans de facilitar-nos dades a trav\u00e9s de aquests canals.<\/p>\n\n\n\n<p>L&#8217;acc\u00e9s i\/o tractament a les dades per Gimn\u00e0s Social Sant Pau, sens perjudici de les disposicions legals o reglament\u00e0ries espec\u00edfiques vigents que poguessin resultar aplicable en cada cas o les que per iniciativa pr\u00f2pia adopti Gimn\u00e0s Social Sant Pau, estar\u00e0 sotm\u00e8s a les mesures de seguretat necess\u00e0ries per:<\/p>\n\n\n\n<ul>\n<li>Garantir la confidencialitat, integritat, disponibilitat i resili\u00e8ncia permanents dels sistemes i serveis de tractament.<br>&nbsp;<\/li>\n\n\n\n<li>Restablir la disponibilitat i l&#8217;acc\u00e9s a les dades personals de manera r\u00e0pida, en cas d&#8217;incident f\u00edsic o t\u00e8cnic.<br>&nbsp;<\/li>\n\n\n\n<li>Verificar, avaluar i valorar, de manera regular, l&#8217;efic\u00e0cia de les mesures t\u00e8cniques i organitzatives implantades per garantir la seguretat del tractament.<br>&nbsp;<\/li>\n\n\n\n<li>Seudonimitzar i xifrar les dades personals, si escau.<\/li>\n<\/ul>\n\n\n\n<h3 class=\"wp-block-heading\">PER QU\u00c8 TRACTEM LES TEVES DADES PERSONALS<\/h3>\n\n\n\n<p>Per entaular una relaci\u00f3 de col\u00b7laboraci\u00f3 amb tu que faci possible prestar els nostres serveis:<\/p>\n\n\n\n<p>Enviar informaci\u00f3 sobre Gimn\u00e0s Social Sant Pau i les marques que gestiona, ja sigui per tel\u00e8fon, correu postal, correu electr\u00f2nic o missatgeria instant\u00e0nia.<\/p>\n\n\n\n<p>Atendre les teves consultes quan contactis amb nosaltres.<\/p>\n\n\n\n<p>Convidar-te a actes o esdeveniments que organitzem.<\/p>\n\n\n\n<p>Realitzar enquestes de satisfacci\u00f3 o organitzar reunions per fer estudis de mercat.<\/p>\n\n\n\n<p>Gestionar la relaci\u00f3 amb tu.<\/p>\n\n\n\n<p>Elaborar perfils, amb la informaci\u00f3 que tu directament ens hagis proporcionat, que hagis fet p\u00fablica o que estigui p\u00fablicament disponible, a fi d&#8217;assegurar la gesti\u00f3 adequada de les activitats esmentades anteriorment. L&#8217;elaboraci\u00f3 de perfils no s&#8217;utilitza, en cap cas, per a l&#8217;adopci\u00f3 de decisions automatitzades que tinguin efectes jur\u00eddics o d&#8217;una altra naturalesa que us puguin afectar: en tots els nostres processos de presa de decisi\u00f3 intervenen persones.<\/p>\n\n\n\n<p>Addicionalment, tamb\u00e9 tractem les teves dades per a l&#8217;enviament, fins i tot per mitjans electr\u00f2nics, de comunicacions sobre activitats, campanyes i iniciatives de naturalesa similar a les que hagis participat amb anterioritat, o sobre les que ens hagis demanat informaci\u00f3.<\/p>\n\n\n\n<p>En el cas de l&#8217;enviament d&#8217;un correu electr\u00f2nic a Gimn\u00e0s Social Sant Pau relacionat amb les vostres ofertes de feina, aquestes dades seran tractades per participar en els procediments de selecci\u00f3 de personal.<\/p>\n\n\n\n<p>En la contractaci\u00f3 dels serveis oferts per Gimn\u00e0s Social Sant Pau, es recolliran \u00fanicament aquelles dades personals que fossin necess\u00e0ries per establir la relaci\u00f3 contractual i possibilitar la prestaci\u00f3 dels serveis i remuneraci\u00f3 dels mateixos.<\/p>\n\n\n\n<p>Pel que fa a les \u201ccookies\u201d que TPR utilitza en la navegaci\u00f3 a trav\u00e9s de les seves p\u00e0gines web i que s&#8217;emmagatzemen a l&#8217;equip terminal de l&#8217;usuari (ordinador o dispositiu m\u00f2bil), consulta la Pol\u00edtica de Cookies, disponible a www.gimnassocialsantpau.com\/cookies. &nbsp;<\/p>\n\n\n\n<p>Pots oposar-te a rebre aquest tipus de comunicacions, ara o en qualsevol altre moment, enviant un correu electr\u00f2nic a: info@gimnassocialsantpau.com o adre\u00e7ant una sol\u00b7licitud a la nostra adre\u00e7a postal.<\/p>\n\n\n\n<h3 class=\"wp-block-heading\">DESTINATARIS DE LES DADES PERSONALS<\/h3>\n\n\n\n<p>Els destinataris de les dades personals recollides per Gimn\u00e0s Social Sant Pau seran les seg\u00fcents:<\/p>\n\n\n\n<p>Els mateixos empleats de Gimn\u00e0s Social Sant Pau en el compliment de les seues funcions.<\/p>\n\n\n\n<p>Els prove\u00efdors de Gimn\u00e0s Social Sant Pau que intervinguin en la prestaci\u00f3 dels serveis, en cas que aix\u00f2 fos necessari per a la prestaci\u00f3 dels mateixos.<\/p>\n\n\n\n<p>Qualssevol altres que a causa de la naturalesa del servei hagin d&#8217;accedir a les dades facilitades amb aquest, tal com es detalla a les Condicions Espec\u00edfiques que siguin aplicables al producte o servei corresponent contractat pel client i acceptades expressament per aquest.<\/p>\n\n\n\n<h3 class=\"wp-block-heading\">QUAN I PER QUIN MOTIU PODEM FACILITAR LES TEVES DADES A TERCERS<\/h3>\n\n\n\n<p>Les vostres dades podran ser cedides als destinataris que s&#8217;indiquen a continuaci\u00f3, pels motius que a continuaci\u00f3 s&#8217;expliquen:<\/p>\n\n\n\n<p>Administracions p\u00fabliques, per al compliment de les obligacions legals.<\/p>\n\n\n\n<p>Prove\u00efdors, quan necessitin accedir a les teves dades per a la prestaci\u00f3 de serveis que el Gimn\u00e0s Social Sant Pau hagi contractat amb ells, i amb qu\u00e8 hem subscrit els contractes de confidencialitat i tractament de dades personals necess\u00e0ries i exigides per la normativa per protegir la seva privadesa (per exemple, impremtes).<\/p>\n\n\n\n<p>Si en el futur el Gimn\u00e0s Social Sant Pau fes altres cessions de dades personals, t&#8217;informarem oportunament.<\/p>\n\n\n\n<h3 class=\"wp-block-heading\">TRANSFER\u00c8NCIES INTERNACIONALS DE DADES<\/h3>\n\n\n\n<p>El Gimn\u00e0s Social Sant Pau t\u00e9 contractats serveis de prove\u00efdors tecnol\u00f2gics a pa\u00efsos que no disposen de normativa equivalent a l&#8217;europea (\u201cTercers Pa\u00efsos\u201d). Aquests prove\u00efdors han subscrit amb Gimn\u00e0s Social Sant Pau els contractes de confidencialitat i tractament de dades exigits per la normativa per a prove\u00efdors ubicats a Tercers Pa\u00efsos, aplicant les garanties i salvaguardes necess\u00e0ries per preservar la seva privadesa.<\/p>\n\n\n\n<p>Si vols m\u00e9s informaci\u00f3 sobre les garanties de privadesa, pots enviar-nos un correu electr\u00f2nic a: info@gimnassocialsantpau.com o adre\u00e7ar una sol\u00b7licitud a la nostra adre\u00e7a postal.<\/p>\n\n\n\n<h3 class=\"wp-block-heading\">DURANT QUANT TEMPS GUARDAREM LES TEVES DADES<\/h3>\n\n\n\n<p>Les vostres dades personals es conservaran mentre es mantingui la vostra relaci\u00f3 amb Gimn\u00e0s Social Sant Pau i, despr\u00e9s de la finalitzaci\u00f3 d&#8217;aquesta relaci\u00f3 per qualsevol causa, durant els terminis de prescripci\u00f3 legals que siguin aplicables. En aquest sup\u00f2sit, es tractaran nom\u00e9s als efectes d&#8217;acreditar el compliment de les nostres obligacions legals o contractuals. Finalitzats aquests terminis de prescripci\u00f3, les teves dades seran eliminades o, alternativament, anonimitzades.<\/p>\n\n\n\n<h3 class=\"wp-block-heading\">QUINS S\u00d3N ELS TEUS DRETS<\/h3>\n\n\n\n<p>Podeu exercir els vostres drets d&#8217;acc\u00e9s, rectificaci\u00f3, supressi\u00f3 i portabilitat, limitaci\u00f3 i\/o oposici\u00f3 al tractament enviant-nos un correu electr\u00f2nic a: info@gimnassocialsantpau.com o fent una sol\u00b7licitud a la nostra adre\u00e7a postal.<\/p>\n\n\n\n<p>Aix\u00ed mateix, si consideres que el tractament de les teves dades personals vulnera la normativa o els teus drets de privadesa, pots presentar una reclamaci\u00f3 a les adreces postal i electr\u00f2nica indicades o davant de l&#8217;Ag\u00e8ncia Espanyola de Protecci\u00f3 de Dades, a trav\u00e9s de la seva seu electr\u00f2nica oa la seva adre\u00e7a postal.<\/p>\n\n\n\n<p>En els casos de sol\u00b7licituds manifestament infundades o excessives pel seu car\u00e0cter repetitiu, el Gimn\u00e0s Social Sant Pau es reserva el dret de negar-se a actuar respecte d&#8217;aquestes, d&#8217;acord amb el que estableix l&#8217;art. 12.5 RGPD.<\/p>\n","protected":false},"excerpt":{"rendered":"<p>En compliment del Reglament (UE) 2016\/679 del Parlament Europeu i del Consell, de 27 d&#8217;abril de 2016, relatiu a la protecci\u00f3 de les persones f\u00edsiques pel que fa al tractament de dades personals ia la lliure circulaci\u00f3 d&#8217;aquestes dades, ( en endavant RGPD) i de la Llei Organica 3\/2018 de 5 de desembre de Protecci\u00f3 [&hellip;]<\/p>\n","protected":false},"author":1,"featured_media":0,"parent":0,"menu_order":0,"comment_status":"closed","ping_status":"closed","template":"","meta":{"footnotes":""},"_links":{"self":[{"href":"https:\/\/gimnassocialsantpau.com\/inscripcio\/ca\/wp-json\/wp\/v2\/pages\/3"}],"collection":[{"href":"https:\/\/gimnassocialsantpau.com\/inscripcio\/ca\/wp-json\/wp\/v2\/pages"}],"about":[{"href":"https:\/\/gimnassocialsantpau.com\/inscripcio\/ca\/wp-json\/wp\/v2\/types\/page"}],"author":[{"embeddable":true,"href":"https:\/\/gimnassocialsantpau.com\/inscripcio\/ca\/wp-json\/wp\/v2\/users\/1"}],"replies":[{"embeddable":true,"href":"https:\/\/gimnassocialsantpau.com\/inscripcio\/ca\/wp-json\/wp\/v2\/comments?post=3"}],"version-history":[{"count":4,"href":"https:\/\/gimnassocialsantpau.com\/inscripcio\/ca\/wp-json\/wp\/v2\/pages\/3\/revisions"}],"predecessor-version":[{"id":236,"href":"https:\/\/gimnassocialsantpau.com\/inscripcio\/ca\/wp-json\/wp\/v2\/pages\/3\/revisions\/236"}],"wp:attachment":[{"href":"https:\/\/gimnassocialsantpau.com\/inscripcio\/ca\/wp-json\/wp\/v2\/media?parent=3"}],"curies":[{"name":"wp","href":"https:\/\/api.w.org\/{rel}","templated":true}]}}