{"id":12,"date":"2023-12-01T17:24:12","date_gmt":"2023-12-01T17:24:12","guid":{"rendered":"https:\/\/gimnassocialsantpau.com\/inscripcio\/?page_id=12"},"modified":"2023-12-14T18:01:48","modified_gmt":"2023-12-14T18:01:48","slug":"termes-condicions","status":"publish","type":"page","link":"https:\/\/gimnassocialsantpau.com\/inscripcio\/es\/termes-condicions\/","title":{"rendered":"T\u00e9rminos y condiciones"},"content":{"rendered":"<p>En cualquier momento podr\u00e0s cancelar la inscripci\u00f3n al gimnasio social Sant Pau.<\/p>\n\n\n\n<h3 class=\"wp-block-heading\"><strong>Cancela tu inscripci\u00f3n<\/strong><\/h3>\n\n\n\n<p>Puedes <a href=\"https:\/\/gimnassocialsantpau.com\/inscripcio\/es\/el-meu-compte\/\" data-type=\"link\" data-id=\"https:\/\/gimnassocialsantpau.com\/inscripcio\/ca\/el-meu-compte\/\">acceder con tus credenciales de usuario\/a<\/a>\/a o contactar con nosotros <a href=\"mailto:info@gimnassocialsantpau.com\">info@gimnassocialsantpau.com<\/a> indicando tu nombre y apellidos y el correo electr\u00f3nico con el que te inscribiste.<\/p>\n\n\n\n<h3 class=\"wp-block-heading\"><strong>Normativa de la Sala de Fitness<\/strong><\/h3>\n\n\n\n<p>Llevamos toalla para una buena higiene de todos.<\/p>\n\n\n\n<p>Llevamos ropa y calzado deportivo para una mejor comodidad y seguridad.<\/p>\n\n\n\n<p>Dejamos el material utilizado en su sitio y las barras descargadas, tal y como nos gustar\u00eda encontrarlo a nosotros.<\/p>\n\n\n\n<p>No se pueden reservar m\u00e1quinas.<\/p>\n\n\n\n<p>No est\u00e1 permitido entrar en la sala con bolsas de deporte.<\/p>\n\n\n\n<p>El personal del gimnasio no se har\u00e1 responsable de las pertenencias que no est\u00e9n guardadas en los armarios.<\/p>\n\n\n\n<p>La sala cardiovascular podr\u00e1 utilizarse a partir de los 14 a\u00f1os y la de musculaci\u00f3n a partir de los 16 a\u00f1os.<\/p>\n\n\n\n<p>Puede ser motivo de baja el uso inadecuado o maltrato de las instalaciones o equipamientos, el incumplimiento de las normas as\u00ed como la falta de respeto hacia otros usuarios o personal del centro.<\/p>\n\n\n\n<p>Aforo m\u00e1ximo: 17 personas en la sala de musculaci\u00f3n, 8 personas en la sala cardiovascular.<\/p>\n\n\n\n<h3 class=\"wp-block-heading\"><strong>Normativas de la Sala Polivalente.<\/strong><\/h3>\n\n\n\n<p>S\u00f3lo podremos entrar en la sala con la presencia de un t\u00e9cnico para una mejor seguridad.<\/p>\n\n\n\n<p>Llevamos toalla para una buena higiene de todos.<\/p>\n\n\n\n<p>Llevamos ropa y calzado deportivo para una mejor comodidad y seguridad.<\/p>\n\n\n\n<p>Dejamos el material utilizado en su sitio, tal y como nos gustar\u00eda encontrarlo a nosotros.<\/p>\n\n\n\n<p>Para un mejor funcionamiento, no entramos en la sala una vez empezada en clase.<\/p>\n\n\n\n<p>No est\u00e1 permitido entrar en la sala con bolsas de deporte. El personal del gimnasio no se har\u00e1 responsable de las pertenencias que no est\u00e9n guardadas en los armarios. Se podr\u00e1n hacer las AADD incluidas en la cuota a partir de los 14 a\u00f1os.<\/p>\n\n\n\n<p>Puede ser motivo de baja el uso inadecuado o maltrato de las instalaciones o equipamientos, el incumplimiento de las normas as\u00ed como la falta de respeto hacia otros usuarios o personal del centro.<\/p>\n\n\n\n<h3 class=\"wp-block-heading\"><strong>Normativas de los Vestuarios<\/strong><\/h3>\n\n\n\n<p>La distribuci\u00f3n de los vestuarios es facultad de la direcci\u00f3n del centro.<\/p>\n\n\n\n<p>Todos los vestuarios disponen de armarios que funcionan con candado. Cada usuario debe llevar su candado, y es recomendable que sea de combinaci\u00f3n para evitar llevar siempre la llave encima.<\/p>\n\n\n\n<p>Los desperfectos ocasionados por mal uso pueden ser sancionados.<\/p>\n\n\n\n<p>Es necesario dejar el armario vac\u00edo cuando se marcha del centro para permitir su uso al resto de usuarios. En caso contrario, el personal del centro se ver\u00e1 obligado a su retirada para proceder a la limpieza nocturna de todos los armarios.<\/p>\n\n\n\n<p>Est\u00e1 prohibido el uso del tel\u00e9fono m\u00f3vil o c\u00e1maras fotogr\u00e1ficas dentro del vestuario.<\/p>\n\n\n\n<p>Guarde en el armario todas las pertenencias y ci\u00e9rrelo siempre, tambi\u00e9n cuando se est\u00e9 duchando. No deposite objetos de valor.<\/p>\n\n\n\n<p>El centro no se hace responsable de los objetos que queden en el armario una vez abandonado el centro ni de los robos que puedan producirse.<\/p>\n\n\n\n<p>No se permiten actuaciones como afeitarse, te\u00f1irse el cabello, depilarse, cortarse las u\u00f1as, hacerse peelings o hacer uso de la piedra p\u00f3mez.<\/p>\n\n\n\n<p>Es necesario llevar las zapatillas de ba\u00f1o en todo momento, tambi\u00e9n en la ducha.<\/p>\n\n\n\n<p>S\u00e9quense a las duchas antes de entrar en el vestuario.<\/p>\n\n\n\n<p>El centro realiza las revisiones peri\u00f3dicas establecidas para mantener las condiciones higi\u00e9nicas \u00f3ptimas.<\/p>\n\n\n\n<p>Deje los espacios limpios, como le gustar\u00eda encontrarlos.<\/p>\n\n\n\n<div class=\"wp-block-buttons is-content-justification-center is-layout-flex wp-container-core-buttons-layout-1 wp-block-buttons-is-layout-flex\">\n<div class=\"wp-block-button\"><a class=\"wp-block-button__link wp-element-button\" href=\"https:\/\/gimnassocialsantpau.com\/inscripcio\/es\/producte-al-gimnas\/\">Inscr\u00edbete al gimnasio<\/a><\/div>\n<\/div>","protected":false},"excerpt":{"rendered":"<p>En qualsevol moment podr\u00e0s cancel\u00b7lar la inscripci\u00f3 al gimn\u00e0s social Sant Pau. Cancel\u00b7la la teva inscripci\u00f3 Pots accedir amb les teves credencials d&#8217;usuari\/a o contactar amb nosaltres info@gimnassocialsantpau.com indicant el teu nom d&#8217;usuari\/a i el correu electr\u00f2nic amb els que os v\u00e0reu inscriure. Normatives de la Sala de Fitness Portem tovallola per a una bona [&hellip;]<\/p>\n","protected":false},"author":1,"featured_media":0,"parent":0,"menu_order":0,"comment_status":"closed","ping_status":"closed","template":"","meta":{"footnotes":""},"_links":{"self":[{"href":"https:\/\/gimnassocialsantpau.com\/inscripcio\/es\/wp-json\/wp\/v2\/pages\/12"}],"collection":[{"href":"https:\/\/gimnassocialsantpau.com\/inscripcio\/es\/wp-json\/wp\/v2\/pages"}],"about":[{"href":"https:\/\/gimnassocialsantpau.com\/inscripcio\/es\/wp-json\/wp\/v2\/types\/page"}],"author":[{"embeddable":true,"href":"https:\/\/gimnassocialsantpau.com\/inscripcio\/es\/wp-json\/wp\/v2\/users\/1"}],"replies":[{"embeddable":true,"href":"https:\/\/gimnassocialsantpau.com\/inscripcio\/es\/wp-json\/wp\/v2\/comments?post=12"}],"version-history":[{"count":11,"href":"https:\/\/gimnassocialsantpau.com\/inscripcio\/es\/wp-json\/wp\/v2\/pages\/12\/revisions"}],"predecessor-version":[{"id":247,"href":"https:\/\/gimnassocialsantpau.com\/inscripcio\/es\/wp-json\/wp\/v2\/pages\/12\/revisions\/247"}],"wp:attachment":[{"href":"https:\/\/gimnassocialsantpau.com\/inscripcio\/es\/wp-json\/wp\/v2\/media?parent=12"}],"curies":[{"name":"wp","href":"https:\/\/api.w.org\/{rel}","templated":true}]}}