{"id":132,"date":"2023-12-01T15:08:39","date_gmt":"2023-12-01T15:08:39","guid":{"rendered":"https:\/\/gimnassocialsantpau.com\/inscripcio\/?page_id=132"},"modified":"2024-01-26T11:10:32","modified_gmt":"2024-01-26T10:10:32","slug":"incriu-te-al-gimnas-social-sant-pau","status":"publish","type":"page","link":"https:\/\/gimnassocialsantpau.com\/inscripcio\/es\/","title":{"rendered":"Inscr\u00edbete al Gimnasio Social Sant Pau"},"content":{"rendered":"\n<p>Amb la inscripci\u00f3 al Gimn\u00e0s Social Sant Pau, a part de tindre acc\u00e9s a les nostres instal\u00b7lacions, tamb\u00e9 col\u00b7laborar\u00e0s amb la nostra cooperativa i els projectes que portem a terme per millorar el Raval de Barcelona. Tria una de les opcions seg\u00fcents o <a href=\"https:\/\/gimnassocialsantpau.com\/inscripcio\/ca\/producte\/soci-mandros-perosos\/\" data-type=\"link\" data-id=\"https:\/\/gimnassocialsantpau.com\/inscripcio\/ca\/producte\/soci-mandros-perosos\/\">fes-te soci\/a solidari\/a<\/a>.<\/p>\n\n\n\n<div class=\"wp-block-columns is-layout-flex wp-container-core-columns-layout-1 wp-block-columns-is-layout-flex\">\n<div class=\"wp-block-column is-layout-flow wp-block-column-is-layout-flow\">\n<div class=\"wp-block-woocommerce-all-products wc-block-all-products\" data-attributes=\"{&quot;alignButtons&quot;:false,&quot;columns&quot;:4,&quot;contentVisibility&quot;:{&quot;orderBy&quot;:false},&quot;isPreview&quot;:false,&quot;layoutConfig&quot;:[[&quot;woocommerce\/product-image&quot;,{&quot;imageSizing&quot;:&quot;thumbnail&quot;}],[&quot;woocommerce\/product-title&quot;],[&quot;woocommerce\/product-price&quot;],[&quot;woocommerce\/product-rating&quot;],[&quot;woocommerce\/product-button&quot;]],&quot;orderby&quot;:&quot;date&quot;,&quot;rows&quot;:1}\">\n<div class=\"is-loading\"><\/div>\n\n\n\n<div class=\"wp-block-woocommerce-product-title is-loading\"><\/div>\n\n\n\n<div class=\"is-loading\"><\/div>\n\n\n\n<div class=\"is-loading\"><\/div>\n\n\n\n<div class=\"wp-block-woocommerce-product-button is-loading\"><\/div>\n<\/div>\n<\/div>\n<\/div>\n\n\n\n<figure class=\"wp-block-gallery aligncenter has-nested-images columns-default is-cropped wp-block-gallery-1 is-layout-flex wp-block-gallery-is-layout-flex\">\n<figure class=\"wp-block-image size-large\"><img loading=\"lazy\" decoding=\"async\" width=\"1024\" height=\"683\" data-id=\"275\" src=\"https:\/\/gimnassocialsantpau.com\/inscripcio\/wp-content\/uploads\/2023\/11\/DSC_0018-R-1024x683.jpg\" alt=\"\" class=\"wp-image-275\" srcset=\"https:\/\/gimnassocialsantpau.com\/inscripcio\/wp-content\/uploads\/2023\/11\/DSC_0018-R-1024x683.jpg 1024w, https:\/\/gimnassocialsantpau.com\/inscripcio\/wp-content\/uploads\/2023\/11\/DSC_0018-R-300x200.jpg 300w, https:\/\/gimnassocialsantpau.com\/inscripcio\/wp-content\/uploads\/2023\/11\/DSC_0018-R-768x512.jpg 768w, https:\/\/gimnassocialsantpau.com\/inscripcio\/wp-content\/uploads\/2023\/11\/DSC_0018-R-18x12.jpg 18w, https:\/\/gimnassocialsantpau.com\/inscripcio\/wp-content\/uploads\/2023\/11\/DSC_0018-R-324x216.jpg 324w, https:\/\/gimnassocialsantpau.com\/inscripcio\/wp-content\/uploads\/2023\/11\/DSC_0018-R-416x277.jpg 416w, https:\/\/gimnassocialsantpau.com\/inscripcio\/wp-content\/uploads\/2023\/11\/DSC_0018-R.jpg 1200w\" sizes=\"(max-width: 1024px) 100vw, 1024px\" \/><figcaption class=\"wp-element-caption\">Sala polivalent<\/figcaption><\/figure>\n\n\n\n<figure class=\"wp-block-image size-large\"><img loading=\"lazy\" decoding=\"async\" width=\"1024\" height=\"683\" data-id=\"159\" src=\"https:\/\/gimnassocialsantpau.com\/inscripcio\/wp-content\/uploads\/2023\/12\/gimnas-social-sant-pau-dutxes-2-1024x683.jpg\" alt=\"\" class=\"wp-image-159\" srcset=\"https:\/\/gimnassocialsantpau.com\/inscripcio\/wp-content\/uploads\/2023\/12\/gimnas-social-sant-pau-dutxes-2-1024x683.jpg 1024w, https:\/\/gimnassocialsantpau.com\/inscripcio\/wp-content\/uploads\/2023\/12\/gimnas-social-sant-pau-dutxes-2-300x200.jpg 300w, https:\/\/gimnassocialsantpau.com\/inscripcio\/wp-content\/uploads\/2023\/12\/gimnas-social-sant-pau-dutxes-2-768x512.jpg 768w, https:\/\/gimnassocialsantpau.com\/inscripcio\/wp-content\/uploads\/2023\/12\/gimnas-social-sant-pau-dutxes-2-18x12.jpg 18w, https:\/\/gimnassocialsantpau.com\/inscripcio\/wp-content\/uploads\/2023\/12\/gimnas-social-sant-pau-dutxes-2-324x216.jpg 324w, https:\/\/gimnassocialsantpau.com\/inscripcio\/wp-content\/uploads\/2023\/12\/gimnas-social-sant-pau-dutxes-2-416x277.jpg 416w, https:\/\/gimnassocialsantpau.com\/inscripcio\/wp-content\/uploads\/2023\/12\/gimnas-social-sant-pau-dutxes-2.jpg 1200w\" sizes=\"(max-width: 1024px) 100vw, 1024px\" \/><figcaption class=\"wp-element-caption\">Vestuari<\/figcaption><\/figure>\n\n\n\n<figure class=\"wp-block-image size-large\"><img loading=\"lazy\" decoding=\"async\" width=\"1024\" height=\"683\" data-id=\"158\" src=\"https:\/\/gimnassocialsantpau.com\/inscripcio\/wp-content\/uploads\/2023\/12\/DSC_0024-R-1024x683.jpg\" alt=\"\" class=\"wp-image-158\" srcset=\"https:\/\/gimnassocialsantpau.com\/inscripcio\/wp-content\/uploads\/2023\/12\/DSC_0024-R-1024x683.jpg 1024w, https:\/\/gimnassocialsantpau.com\/inscripcio\/wp-content\/uploads\/2023\/12\/DSC_0024-R-300x200.jpg 300w, https:\/\/gimnassocialsantpau.com\/inscripcio\/wp-content\/uploads\/2023\/12\/DSC_0024-R-768x512.jpg 768w, https:\/\/gimnassocialsantpau.com\/inscripcio\/wp-content\/uploads\/2023\/12\/DSC_0024-R-18x12.jpg 18w, https:\/\/gimnassocialsantpau.com\/inscripcio\/wp-content\/uploads\/2023\/12\/DSC_0024-R-324x216.jpg 324w, https:\/\/gimnassocialsantpau.com\/inscripcio\/wp-content\/uploads\/2023\/12\/DSC_0024-R-416x277.jpg 416w, https:\/\/gimnassocialsantpau.com\/inscripcio\/wp-content\/uploads\/2023\/12\/DSC_0024-R.jpg 1200w\" sizes=\"(max-width: 1024px) 100vw, 1024px\" \/><figcaption class=\"wp-element-caption\">Vestuari<\/figcaption><\/figure>\n\n\n\n<figure class=\"wp-block-image size-large\"><img loading=\"lazy\" decoding=\"async\" width=\"1024\" height=\"683\" data-id=\"157\" src=\"https:\/\/gimnassocialsantpau.com\/inscripcio\/wp-content\/uploads\/2023\/12\/DSC_0020-R-1024x683.jpg\" alt=\"\" class=\"wp-image-157\" srcset=\"https:\/\/gimnassocialsantpau.com\/inscripcio\/wp-content\/uploads\/2023\/12\/DSC_0020-R-1024x683.jpg 1024w, https:\/\/gimnassocialsantpau.com\/inscripcio\/wp-content\/uploads\/2023\/12\/DSC_0020-R-300x200.jpg 300w, https:\/\/gimnassocialsantpau.com\/inscripcio\/wp-content\/uploads\/2023\/12\/DSC_0020-R-768x512.jpg 768w, https:\/\/gimnassocialsantpau.com\/inscripcio\/wp-content\/uploads\/2023\/12\/DSC_0020-R-18x12.jpg 18w, https:\/\/gimnassocialsantpau.com\/inscripcio\/wp-content\/uploads\/2023\/12\/DSC_0020-R-324x216.jpg 324w, https:\/\/gimnassocialsantpau.com\/inscripcio\/wp-content\/uploads\/2023\/12\/DSC_0020-R-416x277.jpg 416w, https:\/\/gimnassocialsantpau.com\/inscripcio\/wp-content\/uploads\/2023\/12\/DSC_0020-R.jpg 1200w\" sizes=\"(max-width: 1024px) 100vw, 1024px\" \/><figcaption class=\"wp-element-caption\">Gimn\u00e0s Social Sant Pau<\/figcaption><\/figure>\n\n\n\n<figure class=\"wp-block-image size-large\"><img loading=\"lazy\" decoding=\"async\" width=\"1024\" height=\"683\" data-id=\"156\" src=\"https:\/\/gimnassocialsantpau.com\/inscripcio\/wp-content\/uploads\/2023\/12\/DSC_0009-R-1024x683.jpg\" alt=\"\" class=\"wp-image-156\" srcset=\"https:\/\/gimnassocialsantpau.com\/inscripcio\/wp-content\/uploads\/2023\/12\/DSC_0009-R-1024x683.jpg 1024w, https:\/\/gimnassocialsantpau.com\/inscripcio\/wp-content\/uploads\/2023\/12\/DSC_0009-R-300x200.jpg 300w, https:\/\/gimnassocialsantpau.com\/inscripcio\/wp-content\/uploads\/2023\/12\/DSC_0009-R-768x512.jpg 768w, https:\/\/gimnassocialsantpau.com\/inscripcio\/wp-content\/uploads\/2023\/12\/DSC_0009-R-18x12.jpg 18w, https:\/\/gimnassocialsantpau.com\/inscripcio\/wp-content\/uploads\/2023\/12\/DSC_0009-R-324x216.jpg 324w, https:\/\/gimnassocialsantpau.com\/inscripcio\/wp-content\/uploads\/2023\/12\/DSC_0009-R-416x277.jpg 416w, https:\/\/gimnassocialsantpau.com\/inscripcio\/wp-content\/uploads\/2023\/12\/DSC_0009-R.jpg 1200w\" sizes=\"(max-width: 1024px) 100vw, 1024px\" \/><figcaption class=\"wp-element-caption\">Sala de m\u00e0quines<\/figcaption><\/figure>\n\n\n\n<figure class=\"wp-block-image size-large\"><img loading=\"lazy\" decoding=\"async\" width=\"1024\" height=\"683\" data-id=\"155\" src=\"https:\/\/gimnassocialsantpau.com\/inscripcio\/wp-content\/uploads\/2023\/12\/DSC_0005-R-1024x683.jpg\" alt=\"\" class=\"wp-image-155\" srcset=\"https:\/\/gimnassocialsantpau.com\/inscripcio\/wp-content\/uploads\/2023\/12\/DSC_0005-R-1024x683.jpg 1024w, https:\/\/gimnassocialsantpau.com\/inscripcio\/wp-content\/uploads\/2023\/12\/DSC_0005-R-300x200.jpg 300w, https:\/\/gimnassocialsantpau.com\/inscripcio\/wp-content\/uploads\/2023\/12\/DSC_0005-R-768x512.jpg 768w, https:\/\/gimnassocialsantpau.com\/inscripcio\/wp-content\/uploads\/2023\/12\/DSC_0005-R-18x12.jpg 18w, https:\/\/gimnassocialsantpau.com\/inscripcio\/wp-content\/uploads\/2023\/12\/DSC_0005-R-324x216.jpg 324w, https:\/\/gimnassocialsantpau.com\/inscripcio\/wp-content\/uploads\/2023\/12\/DSC_0005-R-416x277.jpg 416w, https:\/\/gimnassocialsantpau.com\/inscripcio\/wp-content\/uploads\/2023\/12\/DSC_0005-R.jpg 1200w\" sizes=\"(max-width: 1024px) 100vw, 1024px\" \/><figcaption class=\"wp-element-caption\">Sala de m\u00e0quines<\/figcaption><\/figure>\n\n\n\n<figure class=\"wp-block-image size-large\"><img loading=\"lazy\" decoding=\"async\" width=\"1024\" height=\"683\" data-id=\"154\" src=\"https:\/\/gimnassocialsantpau.com\/inscripcio\/wp-content\/uploads\/2023\/12\/DSC_0026-R-1024x683.jpg\" alt=\"\" class=\"wp-image-154\" srcset=\"https:\/\/gimnassocialsantpau.com\/inscripcio\/wp-content\/uploads\/2023\/12\/DSC_0026-R-1024x683.jpg 1024w, https:\/\/gimnassocialsantpau.com\/inscripcio\/wp-content\/uploads\/2023\/12\/DSC_0026-R-300x200.jpg 300w, https:\/\/gimnassocialsantpau.com\/inscripcio\/wp-content\/uploads\/2023\/12\/DSC_0026-R-768x512.jpg 768w, https:\/\/gimnassocialsantpau.com\/inscripcio\/wp-content\/uploads\/2023\/12\/DSC_0026-R-1536x1024.jpg 1536w, https:\/\/gimnassocialsantpau.com\/inscripcio\/wp-content\/uploads\/2023\/12\/DSC_0026-R-18x12.jpg 18w, https:\/\/gimnassocialsantpau.com\/inscripcio\/wp-content\/uploads\/2023\/12\/DSC_0026-R-324x216.jpg 324w, https:\/\/gimnassocialsantpau.com\/inscripcio\/wp-content\/uploads\/2023\/12\/DSC_0026-R-416x277.jpg 416w, https:\/\/gimnassocialsantpau.com\/inscripcio\/wp-content\/uploads\/2023\/12\/DSC_0026-R.jpg 1920w\" sizes=\"(max-width: 1024px) 100vw, 1024px\" \/><figcaption class=\"wp-element-caption\">Gimn\u00e0s Social Sant Pau<\/figcaption><\/figure>\n\n\n\n<figure class=\"wp-block-image size-large\"><img loading=\"lazy\" decoding=\"async\" width=\"1024\" height=\"683\" data-id=\"153\" src=\"https:\/\/gimnassocialsantpau.com\/inscripcio\/wp-content\/uploads\/2023\/12\/gimnas-social-sant-pau-wc-adaptat-1024x683.jpg\" alt=\"\" class=\"wp-image-153\" srcset=\"https:\/\/gimnassocialsantpau.com\/inscripcio\/wp-content\/uploads\/2023\/12\/gimnas-social-sant-pau-wc-adaptat-1024x683.jpg 1024w, https:\/\/gimnassocialsantpau.com\/inscripcio\/wp-content\/uploads\/2023\/12\/gimnas-social-sant-pau-wc-adaptat-300x200.jpg 300w, https:\/\/gimnassocialsantpau.com\/inscripcio\/wp-content\/uploads\/2023\/12\/gimnas-social-sant-pau-wc-adaptat-768x512.jpg 768w, https:\/\/gimnassocialsantpau.com\/inscripcio\/wp-content\/uploads\/2023\/12\/gimnas-social-sant-pau-wc-adaptat-18x12.jpg 18w, https:\/\/gimnassocialsantpau.com\/inscripcio\/wp-content\/uploads\/2023\/12\/gimnas-social-sant-pau-wc-adaptat-324x216.jpg 324w, https:\/\/gimnassocialsantpau.com\/inscripcio\/wp-content\/uploads\/2023\/12\/gimnas-social-sant-pau-wc-adaptat-416x277.jpg 416w, https:\/\/gimnassocialsantpau.com\/inscripcio\/wp-content\/uploads\/2023\/12\/gimnas-social-sant-pau-wc-adaptat.jpg 1200w\" sizes=\"(max-width: 1024px) 100vw, 1024px\" \/><figcaption class=\"wp-element-caption\">Vestuari \/ Lavabo adaptat<\/figcaption><\/figure>\n<\/figure>\n\n\n\n<p><a href=\"https:\/\/gimnassocialsantpau.com\/que-fem\" data-type=\"link\" data-id=\"https:\/\/gimnassocialsantpau.com\/que-fem\">M\u00e9s informaci\u00f3 sobre el gimn\u00e0s<\/a><\/p>\n","protected":false},"excerpt":{"rendered":"<p>Amb la inscripci\u00f3 al Gimn\u00e0s Social Sant Pau, a part de tindre acc\u00e9s a les nostres instal\u00b7lacions, tamb\u00e9 col\u00b7laborar\u00e0s amb la nostra cooperativa i els projectes que portem a terme per millorar el Raval de Barcelona. Tria una de les opcions seg\u00fcents o fes-te soci\/a solidari\/a. M\u00e9s informaci\u00f3 sobre el gimn\u00e0s<\/p>","protected":false},"author":1,"featured_media":0,"parent":0,"menu_order":0,"comment_status":"closed","ping_status":"closed","template":"","meta":{"footnotes":""},"_links":{"self":[{"href":"https:\/\/gimnassocialsantpau.com\/inscripcio\/es\/wp-json\/wp\/v2\/pages\/132"}],"collection":[{"href":"https:\/\/gimnassocialsantpau.com\/inscripcio\/es\/wp-json\/wp\/v2\/pages"}],"about":[{"href":"https:\/\/gimnassocialsantpau.com\/inscripcio\/es\/wp-json\/wp\/v2\/types\/page"}],"author":[{"embeddable":true,"href":"https:\/\/gimnassocialsantpau.com\/inscripcio\/es\/wp-json\/wp\/v2\/users\/1"}],"replies":[{"embeddable":true,"href":"https:\/\/gimnassocialsantpau.com\/inscripcio\/es\/wp-json\/wp\/v2\/comments?post=132"}],"version-history":[{"count":21,"href":"https:\/\/gimnassocialsantpau.com\/inscripcio\/es\/wp-json\/wp\/v2\/pages\/132\/revisions"}],"predecessor-version":[{"id":377,"href":"https:\/\/gimnassocialsantpau.com\/inscripcio\/es\/wp-json\/wp\/v2\/pages\/132\/revisions\/377"}],"wp:attachment":[{"href":"https:\/\/gimnassocialsantpau.com\/inscripcio\/es\/wp-json\/wp\/v2\/media?parent=132"}],"curies":[{"name":"wp","href":"https:\/\/api.w.org\/{rel}","templated":true}]}}