{"id":3,"date":"2023-11-29T15:12:43","date_gmt":"2023-11-29T15:12:43","guid":{"rendered":"https:\/\/gimnassocialsantpau.com\/inscripcio\/?page_id=3"},"modified":"2023-12-14T15:56:13","modified_gmt":"2023-12-14T15:56:13","slug":"privacy-policy","status":"publish","type":"page","link":"https:\/\/gimnassocialsantpau.com\/inscripcio\/es\/privacy-policy\/","title":{"rendered":"Pol\u00edtica de privacidad"},"content":{"rendered":"<p>En cumplimiento del Reglamento (UE) 2016\/679 del Parlamento Europeo y del Consejo, de 27 de abril de 2016, relativo a la protecci\u00f3n de las personas f\u00edsicas en lo que respecta al tratamiento de datos personales y a la libre circulaci\u00f3n de estos datos, (en adelante RGPD) y de la Ley Organica 3\/2018 de 5 de diciembre de Protecci\u00f3n de Datos Personales y Garant\u00eda de Derechos Digitales, (en adelante LOPDGDD), Gimn\u00e0s Social Sant Pau S.C.C.L., pone de manifiesto la presente pol\u00edtica respecto del tratamiento y protecci\u00f3n de datos personales.<\/p>\n\n\n\n<h3 class=\"wp-block-heading\">RESPONSABLE DEL TRATAMIENTO DE TUS DATOS<\/h3>\n\n\n\n<p>Gimn\u00e0s Social Sant Pau S.C.C.L., con domicilio en la Ronda de Sant Pau, 46\u00a008001 Barcelona, Espa\u00f1a. \u00a0CIF: F66815812 Tel\u00e9fono: <a href=\"tel:+34933297913\">933 297 913<\/a> Email: <a href=\"mailto:info@gimnassocialsantpau.com\">info@gimnassocialsantpau.com<\/a><\/p>\n\n\n\n<h3 class=\"wp-block-heading\">CONTACTO PARA LA PROTECCI\u00d3N DE DATOS<\/h3>\n\n\n\n<p>Para cualquier tema relacionado con la protecci\u00f3n de datos puedes contactar con nosotros en la direcci\u00f3n postal de Gimn\u00e0s Social Sant Pau o en la direcci\u00f3n electr\u00f3nica <a href=\"mailto:info@gimnassocialsantpau.com\">info@gimnassocialsantpau.com<\/a><\/p>\n\n\n\n<h3 class=\"wp-block-heading\">\u00c1MBITO DE APLICACI\u00d3N<\/h3>\n\n\n\n<p>Las personas que visiten la p\u00e1gina web <a href=\"https:\/\/gimnassocialsantpau.com\/inscripcio\/es\/\">www.gimnassocialsantpau.com<\/a>.<\/p>\n\n\n\n<p>Quienes voluntariamente se comuniquen con Gimn\u00e0s Social Sant Pau a trav\u00e9s de correo electr\u00f3nico, chat o que cumplimenten cualquiera de los formularios de recogida de datos publicados en la p\u00e1gina web <a href=\"https:\/\/gimnassocialsantpau.com\/inscripcio\/es\/\">www.gimnassocialsantpau.com<\/a>.<\/p>\n\n\n\n<ul>\n<li>Quien solicite informaci\u00f3n sobre los productos y servicios de Gimn\u00e0s Social Sant Pau o que soliciten participar en alguna de las acciones comerciales de Gimn\u00e0s Social Sant Pau.&nbsp;<br>&nbsp;<\/li>\n\n\n\n<li>Quienes formalicen una relaci\u00f3n contractual con Gimn\u00e0s Social Sant Pau mediante la contrataci\u00f3n de sus productos y servicios o mediante contratos de trabajo.&nbsp;<br>&nbsp;<\/li>\n\n\n\n<li>Quienes utilicen cualquier otro servicio presente en el sitio web que implique la comunicaci\u00f3n de datos a Gimn\u00e0s Social Sant Pau o el acceso a datos por Gimn\u00e0s Social Sant Pau para la prestaci\u00f3n de sus servicios.&nbsp;<br>&nbsp;<\/li>\n\n\n\n<li>Quienes, directa o indirectamente, hayan dado su consentimiento expreso para que sus datos sean tratados por parte de Gimn\u00e0s Social Sant Pau para cualquiera de las finalidades recogidas en la presente Pol\u00edtica.<\/li>\n<\/ul>\n\n\n\n<p>La utilizaci\u00f3n de los servicios de Gimn\u00e0s Social Sant Pau requiere la aceptaci\u00f3n expresa de esta Pol\u00edtica.<\/p>\n\n\n\n<p>Ning\u00fan usuario y\/o cliente puede utilizar la identidad de otra persona y comunicar sus datos personales, por lo que los datos que facilite a Gimn\u00e0s Social Sant Pau deben ser datos personales, correspondientes a su propia identidad, adecuados, pertinentes, actuales, exactos y verdaderos.<\/p>\n\n\n\n<p>En este sentido, el usuario y\/o cliente ser\u00e1 el \u00fanico responsable frente a cualquier da\u00f1o directo o indirecto que cause a terceros o a Gimn\u00e0s Social Sant Pau por el uso de datos de otra persona o de sus propios datos cuando sean falsos o err\u00f3neos.<\/p>\n\n\n\n<p>Cualquier dato facilitado sobre un menor de edad requerir\u00e1 del consentimiento o autorizaci\u00f3n previa de sus padres, tutores o representantes legales, que ser\u00e1n considerados responsables de los datos facilitados por los menores a su cargo.<\/p>\n\n\n\n<p>Esta Pol\u00edtica ser\u00e1 de aplicaci\u00f3n subsidiaria respecto de aquellas otras condiciones que sobre protecci\u00f3n de datos personales se establezcan con car\u00e1cter especial y sean comunicadas a trav\u00e9s de los formularios de registro, contratos y\/o condiciones de los servicios particulares, siendo por tanto esta Pol\u00edtica complementaria de las mencionadas en aquello no previsto expresamente en las mismas.<\/p>\n\n\n\n<h3 class=\"wp-block-heading\">QU\u00c9 DATOS PERSONALES TUYOS TRATAMOS<\/h3>\n\n\n\n<p>Los datos que trataremos son los siguientes:<\/p>\n\n\n\n<p>Nombre, apellidos, sexo, idioma de preferencia, correo electr\u00f3nico, tel\u00e9fono y direcci\u00f3n postal. Cuando corresponde, tambi\u00e9n solicitamos la talla de ropa y la fecha de nacimiento.<\/p>\n\n\n\n<p>Tambi\u00e9n te informamos de que trataremos aquellos datos adicionales que voluntariamente nos facilites durante las futuras relaciones e interacciones que mantengas con Gimn\u00e0s Social Sant Pau, incluidos los que nos aportes mediante una red social o cualquier otra aplicaci\u00f3n. Estos datos dependen de tu propia configuraci\u00f3n de privacidad, uso de la red social o aplicaci\u00f3n, as\u00ed como de las pol\u00edticas de privacidad propias de cada red social o aplicaci\u00f3n, por lo que te recomendamos que las leas con atenci\u00f3n antes de facilitarnos datos a trav\u00e9s de estos canales.<\/p>\n\n\n\n<p>El acceso y\/o tratamiento a los datos por Gimn\u00e0s Social Sant Pau, sin perjuicio de las disposiciones legales o reglamentarias espec\u00edficas vigentes que pudieran resultar de aplicaci\u00f3n en cada caso o las que por propia iniciativa adopte Gimn\u00e0s Social Sant Pau, estar\u00e1 sometido a las medidas de seguridad necesarias para:<\/p>\n\n\n\n<ul>\n<li>Garantizar la confidencialidad, integridad, disponibilidad y resiliencia permanentes de los sistemas y servicios de tratamiento.<br>&nbsp;<\/li>\n\n\n\n<li>Restaurar la disponibilidad y el acceso a los datos personales de forma r\u00e1pida, en caso de incidente f\u00edsico o t\u00e9cnico.<br>&nbsp;<\/li>\n\n\n\n<li>Verificar, evaluar y valorar, de forma regular, la eficacia de las medidas t\u00e9cnicas y organizativas implantadas para garantizar la seguridad del tratamiento.<br>&nbsp;<\/li>\n\n\n\n<li>Seudonimizar y cifrar los datos personales, en su caso.<\/li>\n<\/ul>\n\n\n\n<h3 class=\"wp-block-heading\">PARA QU\u00c9 TRATAMOS TUS DATOS PERSONALES<\/h3>\n\n\n\n<p>Para entablar una relaci\u00f3n de colaboraci\u00f3n contigo que haga posible prestar nuestros servicios:<\/p>\n\n\n\n<p>Enviar informaci\u00f3n sobre Gimn\u00e0s Social Sant Pau y las marcas que gestiona, ya sea por tel\u00e9fono, correo postal, correo electr\u00f3nico o mensajer\u00eda instant\u00e1nea.<\/p>\n\n\n\n<p>Atender tus consultas cuando contactes con nosotros.<\/p>\n\n\n\n<p>Invitarte a actos o eventos que organicemos.<\/p>\n\n\n\n<p>Realizar encuestas de satisfacci\u00f3n u organizar reuniones para realizar estudios de mercado.<\/p>\n\n\n\n<p>Gestionar la relaci\u00f3n contigo.<\/p>\n\n\n\n<p>Elaborar perfiles, con la informaci\u00f3n que t\u00fa directamente nos hayas proporcionado, que hayas hecho p\u00fablica o que est\u00e9 p\u00fablicamente disponible, con el fin de asegurar la adecuada gesti\u00f3n de las actividades mencionadas anteriormente. La elaboraci\u00f3n de perfiles no se utiliza, en ning\u00fan caso, para la adopci\u00f3n de decisiones automatizadas que tengan efectos jur\u00eddicos o de otra naturaleza que te puedan afectar: en todos nuestros procesos de toma de decisi\u00f3n intervienen personas.<\/p>\n\n\n\n<p>Adicionalmente, tambi\u00e9n tratamos tus datos para el env\u00edo, incluso por medios electr\u00f3nicos, de comunicaciones sobre actividades, campa\u00f1as e iniciativas de naturaleza similar a las que hayas participado con anterioridad, o sobre las que nos hayas pedido informaci\u00f3n.<\/p>\n\n\n\n<p>En el caso del env\u00edo de un correo electr\u00f3nico a Gimn\u00e0s Social Sant Pau relacionado con sus ofertas de empleo, dichos datos ser\u00e1n tratados para participar en los procedimientos de selecci\u00f3n de personal.<\/p>\n\n\n\n<p>En la contrataci\u00f3n de los servicios ofrecidos por Gimn\u00e0s Social Sant Pau, se recoger\u00e1n \u00fanicamente aquellos datos personales que fueran necesarios para establecer la relaci\u00f3n contractual y posibilitar la prestaci\u00f3n de los servicios y remuneraci\u00f3n de los mismos.<\/p>\n\n\n\n<p>En relaci\u00f3n a las \u201ccookies\u201d que TPR utiliza en la navegaci\u00f3n a trav\u00e9s de sus p\u00e1ginas web y que se almacenan en el equipo terminal del usuario (ordenador o dispositivo m\u00f3vil), consulta la Pol\u00edtica de Cookies, disponible en www.gimnassocialsantpau.com\/cookies. &nbsp;<\/p>\n\n\n\n<p>Puedes oponerte a recibir este tipo de comunicaciones, ahora o en cualquier otro momento, enviando un correo electr\u00f3nico a: info@gimnassocialsantpau.com  o dirigiendo una solicitud a nuestra direcci\u00f3n postal.<\/p>\n\n\n\n<h3 class=\"wp-block-heading\">DESTINATARIOS DE LOS DATOS PERSONALES<\/h3>\n\n\n\n<p>Los destinatarios de los datos personales recogidos por Gimn\u00e0s Social Sant Pau ser\u00e1n los siguientes:<\/p>\n\n\n\n<p>Los propios empleados de Gimn\u00e0s Social Sant Pau en el cumplimiento de sus funciones.<\/p>\n\n\n\n<p>Los proveedores de Gimn\u00e0s Social Sant Pau que intervengan en la prestaci\u00f3n de los servicios, en el caso de que ello fuera necesario para la prestaci\u00f3n de los mismos.<\/p>\n\n\n\n<p>Cualesquiera otros que debido a la naturaleza del servicio deban acceder a los datos facilitados con el mismo, tal y como se detalla en las Condiciones Espec\u00edficas que sean de aplicaci\u00f3n al producto o servicio correspondiente contratado por el cliente y aceptadas expresamente por este.<\/p>\n\n\n\n<h3 class=\"wp-block-heading\">CU\u00c1NDO Y POR QU\u00c9 MOTIVO PODEMOS FACILITAR TUS DATOS A TERCEROS<\/h3>\n\n\n\n<p>Tus datos podr\u00e1n ser cedidos a los destinatarios que se indican a continuaci\u00f3n, por los motivos que a continuaci\u00f3n se explican:<\/p>\n\n\n\n<p>Administraciones p\u00fablicas, para el cumplimiento de las obligaciones legales.<\/p>\n\n\n\n<p>Proveedores, cuando precisen acceder a tus datos para la prestaci\u00f3n de servicios que Gimn\u00e0s Social Sant Pau haya contratado con ellos, y con los que hemos suscrito los contratos de confidencialidad y tratamiento de datos personales necesarios y exigidos por la normativa para proteger su privacidad (por ejemplo, imprentas).<\/p>\n\n\n\n<p>Si en el futuro Gimn\u00e0s Social Sant Pau realizara otras cesiones de datos personales, te informaremos oportunamente.<\/p>\n\n\n\n<h3 class=\"wp-block-heading\">TRANSFERENCIAS INTERNACIONALES DE DATOS<\/h3>\n\n\n\n<p>Gimn\u00e0s Social Sant Pau tiene contratados servicios de proveedores tecnol\u00f3gicos en pa\u00edses que no disponen de normativa equivalente a la europea (\u201cTerceros Pa\u00edses\u201d). Dichos proveedores han suscrito con Gimn\u00e0s Social Sant Pau los contratos de confidencialidad y tratamiento de datos exigidos por la normativa para proveedores ubicados en Terceros Pa\u00edses, aplicando las garant\u00edas y salvaguardas necesarias para preservar su privacidad.<\/p>\n\n\n\n<p>Si deseas m\u00e1s informaci\u00f3n sobre las garant\u00edas de privacidad, puedes enviarnos un correo electr\u00f3nico a: info@gimnassocialsantpau.com  o dirigir una solicitud a nuestra direcci\u00f3n postal.<\/p>\n\n\n\n<h3 class=\"wp-block-heading\">DURANTE CU\u00c1NTO TIEMPO GUARDAREMOS TUS DATOS<\/h3>\n\n\n\n<p>Tus datos personales se conservar\u00e1n mientras se mantenga tu relaci\u00f3n con Gimn\u00e0s Social Sant Pau y, tras la finalizaci\u00f3n de dicha relaci\u00f3n por cualquier causa, durante los plazos de prescripci\u00f3n legales que sean de aplicaci\u00f3n. En este supuesto, se tratar\u00e1n a los solos efectos de acreditar el cumplimiento de nuestras obligaciones legales o contractuales. Finalizados dichos plazos de prescripci\u00f3n, tus datos ser\u00e1n eliminados o, alternativamente, anonimizados.<\/p>\n\n\n\n<h3 class=\"wp-block-heading\">CU\u00c1LES SON TUS DERECHOS<\/h3>\n\n\n\n<p>Puedes ejercer tus derechos de acceso, rectificaci\u00f3n, supresi\u00f3n y portabilidad, limitaci\u00f3n y\/u oposici\u00f3n al tratamiento envi\u00e1ndonos un correo electr\u00f3nico a: info@gimnassocialsantpau.com  o haciendo una solicitud a nuestra direcci\u00f3n postal.<\/p>\n\n\n\n<p>Asimismo, si consideras que el tratamiento de tus datos personales vulnera la normativa o tus derechos de privacidad, puedes presentar una reclamaci\u00f3n en las direcciones postal y electr\u00f3nica indicadas o ante la Agencia Espa\u00f1ola de Protecci\u00f3n de Datos, a trav\u00e9s de su sede electr\u00f3nica o en su direcci\u00f3n postal.<\/p>\n\n\n\n<p>En los casos de solicitudes manifiestamente infundadas o excesivas por su car\u00e1cter repetitivo, Gimn\u00e0s Social Sant Pau se reserva el derecho el derecho de negarse a actuar respecto de las mismas, conforme a lo establecido en el art. 12.5 RGPD.<\/p>","protected":false},"excerpt":{"rendered":"<p>En compliment del Reglament (UE) 2016\/679 del Parlament Europeu i del Consell, de 27 d&#8217;abril de 2016, relatiu a la protecci\u00f3 de les persones f\u00edsiques pel que fa al tractament de dades personals ia la lliure circulaci\u00f3 d&#8217;aquestes dades, ( en endavant RGPD) i de la Llei Organica 3\/2018 de 5 de desembre de Protecci\u00f3 [&hellip;]<\/p>\n","protected":false},"author":1,"featured_media":0,"parent":0,"menu_order":0,"comment_status":"closed","ping_status":"closed","template":"","meta":{"footnotes":""},"_links":{"self":[{"href":"https:\/\/gimnassocialsantpau.com\/inscripcio\/es\/wp-json\/wp\/v2\/pages\/3"}],"collection":[{"href":"https:\/\/gimnassocialsantpau.com\/inscripcio\/es\/wp-json\/wp\/v2\/pages"}],"about":[{"href":"https:\/\/gimnassocialsantpau.com\/inscripcio\/es\/wp-json\/wp\/v2\/types\/page"}],"author":[{"embeddable":true,"href":"https:\/\/gimnassocialsantpau.com\/inscripcio\/es\/wp-json\/wp\/v2\/users\/1"}],"replies":[{"embeddable":true,"href":"https:\/\/gimnassocialsantpau.com\/inscripcio\/es\/wp-json\/wp\/v2\/comments?post=3"}],"version-history":[{"count":4,"href":"https:\/\/gimnassocialsantpau.com\/inscripcio\/es\/wp-json\/wp\/v2\/pages\/3\/revisions"}],"predecessor-version":[{"id":236,"href":"https:\/\/gimnassocialsantpau.com\/inscripcio\/es\/wp-json\/wp\/v2\/pages\/3\/revisions\/236"}],"wp:attachment":[{"href":"https:\/\/gimnassocialsantpau.com\/inscripcio\/es\/wp-json\/wp\/v2\/media?parent=3"}],"curies":[{"name":"wp","href":"https:\/\/api.w.org\/{rel}","templated":true}]}}